{"id":9837,"date":"2025-01-25T21:50:38","date_gmt":"2025-01-25T21:50:38","guid":{"rendered":"https:\/\/primeajans.com\/?page_id=9837"},"modified":"2026-03-02T09:25:56","modified_gmt":"2026-03-02T09:25:56","slug":"yeni-proje-baslatma-programi","status":"publish","type":"page","link":"https:\/\/primeajans.com\/tr\/yeni-proje-baslatma-programi\/","title":{"rendered":"Yeni Proje Ba\u015flatma Program\u0131"},"content":{"rendered":"\t\t<div data-elementor-type=\"wp-page\" data-elementor-id=\"9837\" class=\"elementor elementor-9837\">\n\t\t\t\t<div class=\"elementor-element elementor-element-4c0fd39 e-flex e-con-boxed e-con e-parent\" data-id=\"4c0fd39\" data-element_type=\"container\">\n\t\t\t\t\t<div class=\"e-con-inner\">\n\t\t\t\t<div class=\"elementor-element elementor-element-25c7b44 elementor-widget elementor-widget-qi_addons_for_elementor_typeout_text\" data-id=\"25c7b44\" data-element_type=\"widget\" data-widget_type=\"qi_addons_for_elementor_typeout_text.default\">\n\t\t\t\t<div class=\"elementor-widget-container\">\n\t\t\t\t\t<div class=\"qodef-shortcode qodef-m  qodef-qi-typeout-text\" data-strings=\"[&quot;2025&quot;,&quot;Ba\\u015fvuru&quot;,&quot;Formu&quot;]\" data-cursor=\"|\">\n\t<h2 class=\"qodef-m-text\">\n\t\t\t\t\tYeni Proje Ba\u015flatma Program\u0131\t\t\t\t<span class=\"qodef-typeout-holder\">\n\t\t\t<span class=\"qodef-typeout\"><\/span>\n\t\t<\/span>\n\t<\/h2>\n<\/div>\n\t\t\t\t<\/div>\n\t\t\t\t<\/div>\n\t\t\t\t\t<\/div>\n\t\t\t\t<\/div>\n\t\t<div class=\"elementor-element elementor-element-cb3136b e-flex e-con-boxed e-con e-parent\" data-id=\"cb3136b\" data-element_type=\"container\">\n\t\t\t\t\t<div class=\"e-con-inner\">\n\t\t\t\t<div class=\"elementor-element elementor-element-6abfda0 elementor-widget elementor-widget-image\" data-id=\"6abfda0\" data-element_type=\"widget\" data-widget_type=\"image.default\">\n\t\t\t\t\t\t\t\t\t\t\t\t\t\t\t<img fetchpriority=\"high\" decoding=\"async\" width=\"1024\" height=\"573\" src=\"https:\/\/primeajans.com\/wp-content\/uploads\/2026\/02\/Conexpo_PrimeAjans_2026-1024x573.jpg\" class=\"attachment-large size-large wp-image-9932\" alt=\"\" srcset=\"https:\/\/primeajans.com\/wp-content\/uploads\/2026\/02\/Conexpo_PrimeAjans_2026-1024x573.jpg 1024w, https:\/\/primeajans.com\/wp-content\/uploads\/2026\/02\/Conexpo_PrimeAjans_2026-300x168.jpg 300w, https:\/\/primeajans.com\/wp-content\/uploads\/2026\/02\/Conexpo_PrimeAjans_2026-768x430.jpg 768w, https:\/\/primeajans.com\/wp-content\/uploads\/2026\/02\/Conexpo_PrimeAjans_2026-1536x860.jpg 1536w, https:\/\/primeajans.com\/wp-content\/uploads\/2026\/02\/Conexpo_PrimeAjans_2026-2048x1147.jpg 2048w\" sizes=\"(max-width: 1024px) 100vw, 1024px\" \/>\t\t\t\t\t\t\t\t\t\t\t\t\t\t\t<\/div>\n\t\t\t\t\t<\/div>\n\t\t\t\t<\/div>\n\t\t<div class=\"elementor-element elementor-element-4b71b3a e-flex e-con-boxed e-con e-parent\" data-id=\"4b71b3a\" data-element_type=\"container\">\n\t\t\t\t\t<div class=\"e-con-inner\">\n\t\t\t\t<div class=\"elementor-element elementor-element-fc3564a elementor-widget__width-auto elementor-widget elementor-widget-qi_addons_for_elementor_contact_form_7\" data-id=\"fc3564a\" data-element_type=\"widget\" data-widget_type=\"qi_addons_for_elementor_contact_form_7.default\">\n\t\t\t\t<div class=\"elementor-widget-container\">\n\t\t\t\t\t<div class=\"qodef-shortcode qodef-m  qodef-qi-contact-form-7 \">\n\t\n<div class=\"wpcf7 no-js\" id=\"wpcf7-f9886-o1\" lang=\"en-US\" dir=\"ltr\" data-wpcf7-id=\"9886\">\n<div class=\"screen-reader-response\"><p role=\"status\" aria-live=\"polite\" aria-atomic=\"true\"><\/p> <ul><\/ul><\/div>\n<form action=\"\/tr\/wp-json\/wp\/v2\/pages\/9837#wpcf7-f9886-o1\" method=\"post\" class=\"wpcf7-form init\" aria-label=\"Contact form\" novalidate=\"novalidate\" data-status=\"init\">\n<div style=\"display: none;\">\n<input type=\"hidden\" name=\"_wpcf7\" value=\"9886\" \/>\n<input type=\"hidden\" name=\"_wpcf7_version\" value=\"6.0.3\" \/>\n<input type=\"hidden\" name=\"_wpcf7_locale\" value=\"en_US\" \/>\n<input type=\"hidden\" name=\"_wpcf7_unit_tag\" value=\"wpcf7-f9886-o1\" \/>\n<input type=\"hidden\" name=\"_wpcf7_container_post\" value=\"0\" \/>\n<input type=\"hidden\" name=\"_wpcf7_posted_data_hash\" value=\"\" \/>\n<\/div>\n<span class=\"wpcf7-form-control-wrap\" data-name=\"text-773\"><input size=\"40\" maxlength=\"400\" class=\"wpcf7-form-control wpcf7-text wpcf7-validates-as-required\" aria-required=\"true\" aria-invalid=\"false\" placeholder=\"Ad\u0131n\u0131z Soyad\u0131n\u0131z\" value=\"\" type=\"text\" name=\"text-773\" \/><\/span>\n<span class=\"wpcf7-form-control-wrap\" data-name=\"email-78\"><input size=\"40\" maxlength=\"400\" class=\"wpcf7-form-control wpcf7-email wpcf7-validates-as-required wpcf7-text wpcf7-validates-as-email\" aria-required=\"true\" aria-invalid=\"false\" placeholder=\"E-Posta Adresiniz\" value=\"\" type=\"email\" name=\"email-78\" \/><\/span>\n<span class=\"wpcf7-form-control-wrap\" data-name=\"textarea-903\"><textarea cols=\"40\" rows=\"10\" maxlength=\"2000\" class=\"wpcf7-form-control wpcf7-textarea wpcf7-validates-as-required\" aria-required=\"true\" aria-invalid=\"false\" placeholder=\"Mesaj\u0131n\u0131z\" name=\"textarea-903\"><\/textarea><\/span>\n<button class=\"wpcf7-form-control wpcf7-submit qodef-button qodef-size--normal qodef-layout--outlined qodef-m\" type=\"submit\"><span class=\"qodef-m-text\">G\u00f6nder<\/span><span class=\"qodef-m-arrow\"><svg class=\"qodef-svg--arrow-top-right\" xmlns=\"http:\/\/www.w3.org\/2000\/svg\" width=\"10\" height=\"10\" viewBox=\"0 0 10.00 10.00\"><path d=\"M1.018 10.009 0 8.991l7.569-7.582H1.723L1.737 0h8.26v8.274H8.574l.013-5.847Z\"\/><path d=\"M1.018 10.009 0 8.991l7.569-7.582H1.723L1.737 0h8.26v8.274H8.574l.013-5.847Z\"\/><\/svg><\/span><\/button><div class=\"wpcf7-response-output\" aria-hidden=\"true\"><\/div>\n<\/form>\n<\/div>\n<\/div>\n\t\t\t\t<\/div>\n\t\t\t\t<\/div>\n\t\t\t\t\t<\/div>\n\t\t\t\t<\/div>\n\t\t<div class=\"elementor-element elementor-element-29f2c0f e-flex e-con-boxed e-con e-parent\" data-id=\"29f2c0f\" data-element_type=\"container\">\n\t\t\t\t\t<div class=\"e-con-inner\">\n\t\t\t\t<div class=\"elementor-element elementor-element-6df58f7 elementor-widget elementor-widget-qi_addons_for_elementor_testimonials_list\" data-id=\"6df58f7\" data-element_type=\"widget\" data-widget_type=\"qi_addons_for_elementor_testimonials_list.default\">\n\t\t\t\t<div class=\"elementor-widget-container\">\n\t\t\t\t\t<div class=\"qodef-shortcode qodef-m  qodef-qi-testimonials-list qodef-qi-grid qodef-layout--qi-columns  qodef-col-num--3  qodef-item-layout--boxed qodef-responsive--predefined\">\n\t<div class=\"qodef-grid-inner\">\n\t\t<div class=\"qodef-e qodef-grid-item elementor-repeater-item-cae5951\">\n\t<div class=\"qodef-e-inner\">\n\t\t\t<div class=\"qodef-e-quote\">\n\t\t<svg aria-hidden=\"true\" class=\"e-font-icon-svg e-fas-angle-down\" viewBox=\"0 0 320 512\" xmlns=\"http:\/\/www.w3.org\/2000\/svg\"><path d=\"M143 352.3L7 216.3c-9.4-9.4-9.4-24.6 0-33.9l22.6-22.6c9.4-9.4 24.6-9.4 33.9 0l96.4 96.4 96.4-96.4c9.4-9.4 24.6-9.4 33.9 0l22.6 22.6c9.4 9.4 9.4 24.6 0 33.9l-136 136c-9.2 9.4-24.4 9.4-33.8 0z\"><\/path><\/svg>\t<\/div>\n\t\t\t<div class=\"qodef-e-top\">\n\t\t\t\t<div class=\"qodef-e-media-image\">\n\t\t<img decoding=\"async\" width=\"150\" height=\"150\" src=\"https:\/\/primeajans.com\/wp-content\/uploads\/2023\/04\/Sevda-Kayhan-Yilmaz-150x150.jpg\" class=\"attachment-thumbnail size-thumbnail\" alt=\"\" srcset=\"https:\/\/primeajans.com\/wp-content\/uploads\/2023\/04\/Sevda-Kayhan-Yilmaz-150x150.jpg 150w, https:\/\/primeajans.com\/wp-content\/uploads\/2023\/04\/Sevda-Kayhan-Yilmaz-scaled-300x300.jpg 300w, https:\/\/primeajans.com\/wp-content\/uploads\/2023\/04\/Sevda-Kayhan-Yilmaz-scaled-100x100.jpg 100w, https:\/\/primeajans.com\/wp-content\/uploads\/2023\/04\/Sevda-Kayhan-Yilmaz-650x650.jpg 650w, https:\/\/primeajans.com\/wp-content\/uploads\/2023\/04\/Sevda-Kayhan-Yilmaz-1300x1300.jpg 1300w\" sizes=\"(max-width: 150px) 100vw, 150px\" \/>\t<\/div>\n\t\t<\/div>\n\t\t<div class=\"qodef-e-content\">\n\t\t\t\t<h6 class=\"qodef-e-title\">\n\t\tTicaret Bakanl\u0131\u011f\u0131 Tan\u0131t\u0131m Destekleri\t<\/h6>\n\t\t\t\t\t<h6 itemprop=\"description\" class=\"qodef-e-text\">Prime Ajans ile \u00e7al\u0131\u015fmaya ba\u015flad\u0131\u011f\u0131m\u0131z ilk aylarda, yapt\u0131\u011f\u0131m\u0131z yat\u0131r\u0131m\u0131n 40 kat\u0131 getirisi olan m\u00fc\u015fteri kazan\u0131mlar\u0131 elde ettik. Medya planlama, kampanya tasar\u0131m\u0131, ileti\u015fim \u00e7al\u0131\u015fmalar\u0131 ve yurt d\u0131\u015f\u0131 PR faaliyetlerini bakanl\u0131k destekleriyle paralel olarak y\u00fcr\u00fctt\u00fckleri projelerde, hem finansal hem de proje planlamalar\u0131n\u0131 ba\u015far\u0131yla y\u00f6nettik. Prime Ajans ekibinin i\u015fine duydu\u011fu tutku ve uzmanl\u0131klar\u0131 i\u00e7in kendilerini tebrik ediyorum.<\/h6>\n\t\t\t\t<div class=\"qodef-e-author\">\n\t\t<h6 class=\"qodef-e-author-name\">Sevda Kayhan Y\u0131lmaz<\/h6>\n\t\t\t\t\t<span class=\"qodef-e-author-job\">Ceo, Kayahan Hidrolik<\/span>\n\t\t\t<\/div>\n\t\t<\/div>\n\t<\/div>\n<\/div>\n<div class=\"qodef-e qodef-grid-item elementor-repeater-item-f0ae20a\">\n\t<div class=\"qodef-e-inner\">\n\t\t\t<div class=\"qodef-e-quote\">\n\t\t<svg aria-hidden=\"true\" class=\"e-font-icon-svg e-fas-angle-down\" viewBox=\"0 0 320 512\" xmlns=\"http:\/\/www.w3.org\/2000\/svg\"><path d=\"M143 352.3L7 216.3c-9.4-9.4-9.4-24.6 0-33.9l22.6-22.6c9.4-9.4 24.6-9.4 33.9 0l96.4 96.4 96.4-96.4c9.4-9.4 24.6-9.4 33.9 0l22.6 22.6c9.4 9.4 9.4 24.6 0 33.9l-136 136c-9.2 9.4-24.4 9.4-33.8 0z\"><\/path><\/svg>\t<\/div>\n\t\t\t<div class=\"qodef-e-top\">\n\t\t\t\t<div class=\"qodef-e-media-image\">\n\t\t<img decoding=\"async\" width=\"150\" height=\"150\" src=\"https:\/\/primeajans.com\/wp-content\/uploads\/2023\/05\/Emre_Ozel_300x300-150x150.jpg\" class=\"attachment-thumbnail size-thumbnail\" alt=\"\" srcset=\"https:\/\/primeajans.com\/wp-content\/uploads\/2023\/05\/Emre_Ozel_300x300-150x150.jpg 150w, https:\/\/primeajans.com\/wp-content\/uploads\/2023\/05\/Emre_Ozel_300x300-100x100.jpg 100w, https:\/\/primeajans.com\/wp-content\/uploads\/2023\/05\/Emre_Ozel_300x300.jpg 300w\" sizes=\"(max-width: 150px) 100vw, 150px\" \/>\t<\/div>\n\t\t<\/div>\n\t\t<div class=\"qodef-e-content\">\n\t\t\t\t<h6 class=\"qodef-e-title\">\n\t\tK\u00fcresel Tedarik Zinciri\t<\/h6>\n\t\t\t\t\t<h6 itemprop=\"description\" class=\"qodef-e-text\">2024 Y\u0131l\u0131nda onaylanan hibe deste\u011fi K\u00fcresel Tedarik Zinciri Projesi ba\u015far\u0131yla tamamlanm\u0131\u015ft\u0131r.<\/h6>\n\t\t\t\t<div class=\"qodef-e-author\">\n\t\t<h6 class=\"qodef-e-author-name\">Emre \u00d6zel<\/h6>\n\t\t\t\t\t<span class=\"qodef-e-author-job\">Bakanl\u0131k Destekleri Proje Uzman\u0131<\/span>\n\t\t\t<\/div>\n\t\t<\/div>\n\t<\/div>\n<\/div>\n<div class=\"qodef-e qodef-grid-item elementor-repeater-item-6329499\">\n\t<div class=\"qodef-e-inner\">\n\t\t\t<div class=\"qodef-e-quote\">\n\t\t<svg aria-hidden=\"true\" class=\"e-font-icon-svg e-fas-angle-down\" viewBox=\"0 0 320 512\" xmlns=\"http:\/\/www.w3.org\/2000\/svg\"><path d=\"M143 352.3L7 216.3c-9.4-9.4-9.4-24.6 0-33.9l22.6-22.6c9.4-9.4 24.6-9.4 33.9 0l96.4 96.4 96.4-96.4c9.4-9.4 24.6-9.4 33.9 0l22.6 22.6c9.4 9.4 9.4 24.6 0 33.9l-136 136c-9.2 9.4-24.4 9.4-33.8 0z\"><\/path><\/svg>\t<\/div>\n\t\t\t<div class=\"qodef-e-top\">\n\t\t\t\t<div class=\"qodef-e-media-image\">\n\t\t<img loading=\"lazy\" decoding=\"async\" width=\"150\" height=\"150\" src=\"https:\/\/primeajans.com\/wp-content\/uploads\/2023\/05\/Eli_Bulent_Turan_300x300-150x150.jpg\" class=\"attachment-thumbnail size-thumbnail\" alt=\"\" srcset=\"https:\/\/primeajans.com\/wp-content\/uploads\/2023\/05\/Eli_Bulent_Turan_300x300-150x150.jpg 150w, https:\/\/primeajans.com\/wp-content\/uploads\/2023\/05\/Eli_Bulent_Turan_300x300-100x100.jpg 100w, https:\/\/primeajans.com\/wp-content\/uploads\/2023\/05\/Eli_Bulent_Turan_300x300.jpg 300w\" sizes=\"(max-width: 150px) 100vw, 150px\" \/>\t<\/div>\n\t\t<\/div>\n\t\t<div class=\"qodef-e-content\">\n\t\t\t\t<h6 class=\"qodef-e-title\">\n\t\tBirim Kira Deste\u011fi\t<\/h6>\n\t\t\t\t\t<h6 itemprop=\"description\" class=\"qodef-e-text\">2024 Y\u0131l\u0131nda Florida&#039;da birim kira deste\u011fi kapsam\u0131nda destek \u00f6demeleri ba\u015far\u0131yla al\u0131nm\u0131\u015ft\u0131r.<\/h6>\n\t\t\t\t<div class=\"qodef-e-author\">\n\t\t<h6 class=\"qodef-e-author-name\">B\u00fclent Turan<\/h6>\n\t\t\t\t\t<span class=\"qodef-e-author-job\">Bakanl\u0131k Destekleri Proje Uzman\u0131<\/span>\n\t\t\t<\/div>\n\t\t<\/div>\n\t<\/div>\n<\/div>\n\t<\/div>\n<\/div>\n\t\t\t\t<\/div>\n\t\t\t\t<\/div>\n\t\t\t\t\t<\/div>\n\t\t\t\t<\/div>\n\t\t<div class=\"elementor-element elementor-element-b5878a7 e-flex e-con-boxed e-con e-parent\" data-id=\"b5878a7\" data-element_type=\"container\">\n\t\t\t\t\t<div class=\"e-con-inner\">\n\t\t\t\t<div class=\"elementor-element elementor-element-2d2d7e3 elementor-widget elementor-widget-onegoal_core_button\" data-id=\"2d2d7e3\" data-element_type=\"widget\" data-widget_type=\"onegoal_core_button.default\">\n\t\t\t\t<div class=\"elementor-widget-container\">\n\t\t\t\t\t<a class=\"qodef-shortcode qodef-m  qodef-button qodef-layout--filled  qodef-html--link\" href=\"#\" target=\"_self\"  >\n\t<span class=\"qodef-m-text\">Kat\u0131l, Kay\u0131t Ol<\/span>\n\t<span class=\"qodef-m-arrow\">\n\t\t<svg class=\"qodef-svg--arrow-top-right\" xmlns=\"http:\/\/www.w3.org\/2000\/svg\" width=\"10\" height=\"10\" viewBox=\"0 0 10.00 10.00\"><path d=\"M1.018 10.009 0 8.991l7.569-7.582H1.723L1.737 0h8.26v8.274H8.574l.013-5.847Z\"\/><path d=\"M1.018 10.009 0 8.991l7.569-7.582H1.723L1.737 0h8.26v8.274H8.574l.013-5.847Z\"\/><\/svg>\t<\/span>\n<\/a>\n\t\t\t\t<\/div>\n\t\t\t\t<\/div>\n\t\t\t\t\t<\/div>\n\t\t\t\t<\/div>\n\t\t<div class=\"elementor-element elementor-element-b6cb5b8 e-flex e-con-boxed e-con e-parent\" data-id=\"b6cb5b8\" data-element_type=\"container\">\n\t\t\t\t\t<div class=\"e-con-inner\">\n\t\t\t\t<div class=\"elementor-element elementor-element-bf432ee elementor-widget elementor-widget-html\" data-id=\"bf432ee\" data-element_type=\"widget\" data-widget_type=\"html.default\">\n\t\t\t\t\t<div style=\"position: relative; width: 100%; height: 0; padding-top: 56.2500%;\n padding-bottom: 0; box-shadow: 0 2px 8px 0 rgba(63,69,81,0.16); margin-top: 1.6em; margin-bottom: 0.9em; overflow: hidden;\n border-radius: 8px; will-change: transform;\">\n  <iframe loading=\"lazy\" style=\"position: absolute; width: 100%; height: 100%; top: 0; left: 0; border: none; padding: 0;margin: 0;\"\n    src=\"https:\/\/www.canva.com\/design\/DAFxPU2gwo4\/Tliawq64phI4oKHumfNSug\/view?embed\" allowfullscreen=\"allowfullscreen\" allow=\"fullscreen\">\n  <\/iframe>\n<\/div>\n<a href=\"https:&#x2F;&#x2F;www.canva.com&#x2F;design&#x2F;DAFxPU2gwo4&#x2F;Tliawq64phI4oKHumfNSug&#x2F;view?utm_content=DAFxPU2gwo4&amp;utm_campaign=designshare&amp;utm_medium=embeds&amp;utm_source=link\" target=\"_blank\" rel=\"noopener\">2023 Makine Y\u00fczy\u0131l\u0131 Program\u0131 Sunumu<\/a> by Ha\u015fim Haluk B\u00f6l\u00fck\t\t\t\t<\/div>\n\t\t\t\t\t<\/div>\n\t\t\t\t<\/div>\n\t\t\t\t<\/div>\n\t\t","protected":false},"excerpt":{"rendered":"<p>Yeni Proje Ba\u015flatma Program\u0131 G\u00f6nder Ticaret Bakanl\u0131\u011f\u0131 Tan\u0131t\u0131m Destekleri Prime Ajans ile \u00e7al\u0131\u015fmaya ba\u015flad\u0131\u011f\u0131m\u0131z ilk aylarda, yapt\u0131\u011f\u0131m\u0131z yat\u0131r\u0131m\u0131n 40 kat\u0131 getirisi olan m\u00fc\u015fteri kazan\u0131mlar\u0131 elde ettik. Medya planlama, kampanya tasar\u0131m\u0131, ileti\u015fim \u00e7al\u0131\u015fmalar\u0131 ve yurt d\u0131\u015f\u0131 PR faaliyetlerini bakanl\u0131k destekleriyle paralel olarak y\u00fcr\u00fctt\u00fckleri projelerde, hem finansal hem de proje planlamalar\u0131n\u0131 ba\u015far\u0131yla y\u00f6nettik. Prime Ajans ekibinin i\u015fine [&hellip;]<\/p>\n","protected":false},"author":1,"featured_media":0,"parent":0,"menu_order":0,"comment_status":"closed","ping_status":"closed","template":"","meta":{"footnotes":""},"class_list":["post-9837","page","type-page","status-publish","hentry"],"aioseo_notices":[],"_links":{"self":[{"href":"https:\/\/primeajans.com\/tr\/wp-json\/wp\/v2\/pages\/9837","targetHints":{"allow":["GET"]}}],"collection":[{"href":"https:\/\/primeajans.com\/tr\/wp-json\/wp\/v2\/pages"}],"about":[{"href":"https:\/\/primeajans.com\/tr\/wp-json\/wp\/v2\/types\/page"}],"author":[{"embeddable":true,"href":"https:\/\/primeajans.com\/tr\/wp-json\/wp\/v2\/users\/1"}],"replies":[{"embeddable":true,"href":"https:\/\/primeajans.com\/tr\/wp-json\/wp\/v2\/comments?post=9837"}],"version-history":[{"count":19,"href":"https:\/\/primeajans.com\/tr\/wp-json\/wp\/v2\/pages\/9837\/revisions"}],"predecessor-version":[{"id":9957,"href":"https:\/\/primeajans.com\/tr\/wp-json\/wp\/v2\/pages\/9837\/revisions\/9957"}],"wp:attachment":[{"href":"https:\/\/primeajans.com\/tr\/wp-json\/wp\/v2\/media?parent=9837"}],"curies":[{"name":"wp","href":"https:\/\/api.w.org\/{rel}","templated":true}]}}