{"id":9810,"date":"2023-05-16T08:05:26","date_gmt":"2023-05-16T08:05:26","guid":{"rendered":"https:\/\/primeajans.com\/hizmetlerimiz\/"},"modified":"2025-01-28T15:21:04","modified_gmt":"2025-01-28T15:21:04","slug":"hizmetlerimiz","status":"publish","type":"page","link":"https:\/\/primeajans.com\/tr\/hizmetlerimiz\/","title":{"rendered":"Hizmetlerimiz"},"content":{"rendered":"\t\t<div data-elementor-type=\"wp-page\" data-elementor-id=\"9810\" class=\"elementor elementor-9810 elementor-4398\">\n\t\t\t\t\t\t<section class=\"elementor-section elementor-top-section elementor-element elementor-element-496b68c qodef-elementor-content-grid elementor-section-boxed elementor-section-height-default elementor-section-height-default\" data-id=\"496b68c\" data-element_type=\"section\">\n\t\t\t\t\t\t<div class=\"elementor-container elementor-column-gap-default\">\n\t\t\t\t\t<div class=\"elementor-column elementor-col-100 elementor-top-column elementor-element elementor-element-354508d\" data-id=\"354508d\" data-element_type=\"column\">\n\t\t\t<div class=\"elementor-widget-wrap elementor-element-populated\">\n\t\t\t\t\t\t<div class=\"elementor-element elementor-element-78ddd4a elementor-widget elementor-widget-onegoal_core_section_title\" data-id=\"78ddd4a\" data-element_type=\"widget\" data-widget_type=\"onegoal_core_section_title.default\">\n\t\t\t\t<div class=\"elementor-widget-container\">\n\t\t\t\t\t<div class=\"qodef-shortcode qodef-m  qodef-section-title qodef-alignment--center \">\n\t\t<div class=\"qodef-m-subtitle\" style=\"margin-bottom: 10px\">\n\t\tH\u0130ZMETLER\u0130M\u0130Z\t<\/div>\n\t\t<h1 class=\"qodef-m-title\" >\n\t\t\t\t\tOur services <span class=\"qodef-m-decorated\">custom<\/span> <span class=\"qodef-m-decorated\">made<\/span>\t\t\t<\/h1>\n\t<\/div>\n\t\t\t\t<\/div>\n\t\t\t\t<\/div>\n\t\t\t\t\t<\/div>\n\t\t<\/div>\n\t\t\t\t\t<\/div>\n\t\t<\/section>\n\t\t\t\t<section class=\"elementor-section elementor-top-section elementor-element elementor-element-414cee8 qodef-elementor-content-grid elementor-section-boxed elementor-section-height-default elementor-section-height-default\" data-id=\"414cee8\" data-element_type=\"section\">\n\t\t\t\t\t\t<div class=\"elementor-container elementor-column-gap-default\">\n\t\t\t\t\t<div class=\"elementor-column elementor-col-50 elementor-top-column elementor-element elementor-element-9550c0f\" data-id=\"9550c0f\" data-element_type=\"column\" data-settings=\"{&quot;background_background&quot;:&quot;classic&quot;}\">\n\t\t\t<div class=\"elementor-widget-wrap elementor-element-populated\">\n\t\t\t\t\t\t<div class=\"elementor-element elementor-element-bea2f92 elementor-widget-tablet__width-inherit elementor-widget elementor-widget-onegoal_core_section_title\" data-id=\"bea2f92\" data-element_type=\"widget\" data-widget_type=\"onegoal_core_section_title.default\">\n\t\t\t\t<div class=\"elementor-widget-container\">\n\t\t\t\t\t<div class=\"qodef-shortcode qodef-m  qodef-section-title qodef-alignment--left qodef-title-break--disabled\">\n\t\t<div class=\"qodef-m-subtitle\" >\n\t\twhat we offer\t<\/div>\n\t\t<h2 class=\"qodef-m-title\" >\n\t\t\t\t\tCrafting Your Road to<br \/> Success like <span class=\"qodef-m-decorated\">the<\/span> others\t\t\t<\/h2>\n\t<\/div>\n\t\t\t\t<\/div>\n\t\t\t\t<\/div>\n\t\t\t\t<div class=\"elementor-element elementor-element-20db2c1 elementor-widget__width-initial elementor-widget-tablet__width-inherit elementor-widget elementor-widget-onegoal_core_icon_list_item\" data-id=\"20db2c1\" data-element_type=\"widget\" data-widget_type=\"onegoal_core_icon_list_item.default\">\n\t\t\t\t<div class=\"elementor-widget-container\">\n\t\t\t\t\t<div class=\"qodef-icon-list-item qodef-icon--custom-icon\" >\n\t<div class=\"qodef-e-title-inner\">\n\t\t<div class=\"qodef-icon-wrapper\" style=\"background-color: rgba(11, 145, 139, .2);font-size: 38px\">\n\t\t\t<div class=\"qodef-icon-wrapper-inner\" style=\"background-color: rgba(11, 145, 139, .2);font-size: 38px\">\n\t\t\t\t<img decoding=\"async\" width=\"14\" height=\"10\" src=\"https:\/\/primeajans.com\/wp-content\/uploads\/2023\/04\/h7-checkmark-icon.png\" class=\"attachment-full size-full\" alt=\"f\" \/>\t\t\t<\/div>\n\t\t<\/div>\n\t\t<span class=\"qodef-e-title-text\">At Prime Agency, we provide a platform for talent discovery and enhancement. We work with a wide spectrum of talents, from artists to entrepreneurs, tech experts to performers. We guide you in showcasing your talents, steering your projects, and building your career.\n\n<\/span>\n\t<\/div>\n<\/div>\n\t\t\t\t<\/div>\n\t\t\t\t<\/div>\n\t\t\t\t\t<\/div>\n\t\t<\/div>\n\t\t\t\t<div class=\"elementor-column elementor-col-50 elementor-top-column elementor-element elementor-element-71e38c1\" data-id=\"71e38c1\" data-element_type=\"column\">\n\t\t\t<div class=\"elementor-widget-wrap elementor-element-populated\">\n\t\t\t\t\t\t<div class=\"elementor-element elementor-element-22f28eb elementor-widget__width-auto elementor-widget-tablet__width-initial elementor-widget elementor-widget-onegoal_core_single_image\" data-id=\"22f28eb\" data-element_type=\"widget\" data-widget_type=\"onegoal_core_single_image.default\">\n\t\t\t\t<div class=\"elementor-widget-container\">\n\t\t\t\t\t<div class=\"qodef-shortcode qodef-m  qodef-single-image qodef-layout--default    \" style=\"--qode-border-radius: 0px\">\n\t\t\t<div class=\"qodef-m-image\">\n\t\t\t\t\t\t\t\t<img fetchpriority=\"high\" decoding=\"async\" width=\"689\" height=\"667\" src=\"https:\/\/primeajans.com\/wp-content\/uploads\/2023\/05\/h2-rev-img1.png\" class=\"attachment-full size-full\" alt=\"s\" srcset=\"https:\/\/primeajans.com\/wp-content\/uploads\/2023\/05\/h2-rev-img1.png 689w, https:\/\/primeajans.com\/wp-content\/uploads\/2023\/05\/h2-rev-img1-600x581.png 600w, https:\/\/primeajans.com\/wp-content\/uploads\/2023\/05\/h2-rev-img1-300x290.png 300w\" sizes=\"(max-width: 689px) 100vw, 689px\" \/>\t\t\t\t\t\t\t<\/div>\n\t<\/div>\n\t\t\t\t<\/div>\n\t\t\t\t<\/div>\n\t\t\t\t\t<\/div>\n\t\t<\/div>\n\t\t\t\t\t<\/div>\n\t\t<\/section>\n\t\t\t\t<section class=\"elementor-section elementor-top-section elementor-element elementor-element-0ccb2aa qodef-elementor-content-grid elementor-reverse-mobile elementor-section-boxed elementor-section-height-default elementor-section-height-default\" data-id=\"0ccb2aa\" data-element_type=\"section\">\n\t\t\t\t\t\t<div class=\"elementor-container elementor-column-gap-default\">\n\t\t\t\t\t<div class=\"elementor-column elementor-col-50 elementor-top-column elementor-element elementor-element-0b82393\" data-id=\"0b82393\" data-element_type=\"column\">\n\t\t\t<div class=\"elementor-widget-wrap elementor-element-populated\">\n\t\t\t\t\t\t<div class=\"elementor-element elementor-element-3d3c4a0 elementor-widget__width-auto elementor-widget-tablet__width-initial elementor-widget elementor-widget-onegoal_core_single_image\" data-id=\"3d3c4a0\" data-element_type=\"widget\" data-widget_type=\"onegoal_core_single_image.default\">\n\t\t\t\t<div class=\"elementor-widget-container\">\n\t\t\t\t\t<div class=\"qodef-shortcode qodef-m  qodef-single-image qodef-layout--default qodef-parallax-item qodef--retina qodef-border-radius--enabled qodef-border-radius-position--top-right-bottom-left\" style=\"--qode-border-radius: 60px;--qode-border-radius-mobile: 60px\">\n\t\t\t<div class=\"qodef-m-image\">\n\t\t\t\t\t\t\t\t\t\t\t\t\t\t<img decoding=\"async\" itemprop=\"image\" src=\"https:\/\/primeajans.com\/wp-content\/uploads\/2023\/10\/Hasim_Boluk.jpg\" width=\"395\" height=\"514\" alt=\"\" \/>\n\t\t\t\t\t\t\t\t\t\t\t\t\t<\/div>\n\t<\/div>\n\t\t\t\t<\/div>\n\t\t\t\t<\/div>\n\t\t\t\t\t<\/div>\n\t\t<\/div>\n\t\t\t\t<div class=\"elementor-column elementor-col-50 elementor-top-column elementor-element elementor-element-0403b0c\" data-id=\"0403b0c\" data-element_type=\"column\">\n\t\t\t<div class=\"elementor-widget-wrap elementor-element-populated\">\n\t\t\t\t\t\t<section class=\"elementor-section elementor-inner-section elementor-element elementor-element-d9476eb elementor-section-full_width elementor-section-height-default elementor-section-height-default\" data-id=\"d9476eb\" data-element_type=\"section\">\n\t\t\t\t\t\t<div class=\"elementor-container elementor-column-gap-default\">\n\t\t\t\t\t<div class=\"elementor-column elementor-col-100 elementor-inner-column elementor-element elementor-element-8b7e316\" data-id=\"8b7e316\" data-element_type=\"column\">\n\t\t\t<div class=\"elementor-widget-wrap elementor-element-populated\">\n\t\t\t\t\t\t<div class=\"elementor-element elementor-element-919464f elementor-widget__width-initial elementor-widget-tablet__width-inherit elementor-widget elementor-widget-onegoal_core_section_title\" data-id=\"919464f\" data-element_type=\"widget\" data-widget_type=\"onegoal_core_section_title.default\">\n\t\t\t\t<div class=\"elementor-widget-container\">\n\t\t\t\t\t<div class=\"qodef-shortcode qodef-m  qodef-section-title qodef-alignment--left \">\n\t\t<div class=\"qodef-m-subtitle\" >\n\t\tour goals\t<\/div>\n\t\t<h2 class=\"qodef-m-title\" >\n\t\t\t\t\tCrafting Your Path <span class=\"qodef-m-decorated\">to<\/span> <span class=\"qodef-m-decorated\">Success<\/span>\t\t\t<\/h2>\n\t<\/div>\n\t\t\t\t<\/div>\n\t\t\t\t<\/div>\n\t\t\t\t\t<\/div>\n\t\t<\/div>\n\t\t\t\t\t<\/div>\n\t\t<\/section>\n\t\t\t\t<div class=\"elementor-element elementor-element-e0462da elementor-widget__width-initial elementor-widget-tablet__width-inherit elementor-widget elementor-widget-onegoal_core_accordion\" data-id=\"e0462da\" data-element_type=\"widget\" data-widget_type=\"onegoal_core_accordion.default\">\n\t\t\t\t<div class=\"elementor-widget-container\">\n\t\t\t\t\t<div class=\"qodef-shortcode qodef-m  qodef-accordion clear qodef-behavior--accordion qodef-layout--simple \">\n\t<h5 class=\"qodef-accordion-title\">\n\t<span class=\"qodef-tab-title\">Communication Strategy &amp; Plan<\/span>\n\t<span class=\"qodef-accordion-mark\">\n\t\t<span class=\"qodef-icon--minus\"><svg class=\"qodef-svg--arrow-top\" xmlns=\"http:\/\/www.w3.org\/2000\/svg\" width=\"15\" height=\"7.5\"><path d=\"M1.349 7.5a1.319 1.319 0 0 1-.809-.285A1.61 1.61 0 0 1 0 6.531L6.852.147a2.129 2.129 0 0 1 .674-.143 1.329 1.329 0 0 1 .728.143L15 6.36a5.15 5.15 0 0 1-.513.769 1.01 1.01 0 0 1-.836.371L7.338 4.365Z\"\/><\/svg><\/span>\n\t<\/span>\n<\/h5>\n<div class=\"qodef-accordion-content\">\n\t<div class=\"qodef-accordion-content-inner\">\n\t\t<p>Developing a clear and comprehensive strategy that outlines your marketing goals, messaging, and the channels you will use to reach your audience.<\/p>\t<\/div>\n<\/div>\n<h5 class=\"qodef-accordion-title\">\n\t<span class=\"qodef-tab-title\">Sponsorships &amp; Experiential Marketing<\/span>\n\t<span class=\"qodef-accordion-mark\">\n\t\t<span class=\"qodef-icon--minus\"><svg class=\"qodef-svg--arrow-top\" xmlns=\"http:\/\/www.w3.org\/2000\/svg\" width=\"15\" height=\"7.5\"><path d=\"M1.349 7.5a1.319 1.319 0 0 1-.809-.285A1.61 1.61 0 0 1 0 6.531L6.852.147a2.129 2.129 0 0 1 .674-.143 1.329 1.329 0 0 1 .728.143L15 6.36a5.15 5.15 0 0 1-.513.769 1.01 1.01 0 0 1-.836.371L7.338 4.365Z\"\/><\/svg><\/span>\n\t<\/span>\n<\/h5>\n<div class=\"qodef-accordion-content\">\n\t<div class=\"qodef-accordion-content-inner\">\n\t\t<p>Collaborating with other brands or events to sponsor and create memorable experiences that resonate with your audience.<\/p>\t<\/div>\n<\/div>\n<h5 class=\"qodef-accordion-title\">\n\t<span class=\"qodef-tab-title\">Digital Product Development:<\/span>\n\t<span class=\"qodef-accordion-mark\">\n\t\t<span class=\"qodef-icon--minus\"><svg class=\"qodef-svg--arrow-top\" xmlns=\"http:\/\/www.w3.org\/2000\/svg\" width=\"15\" height=\"7.5\"><path d=\"M1.349 7.5a1.319 1.319 0 0 1-.809-.285A1.61 1.61 0 0 1 0 6.531L6.852.147a2.129 2.129 0 0 1 .674-.143 1.329 1.329 0 0 1 .728.143L15 6.36a5.15 5.15 0 0 1-.513.769 1.01 1.01 0 0 1-.836.371L7.338 4.365Z\"\/><\/svg><\/span>\n\t<\/span>\n<\/h5>\n<div class=\"qodef-accordion-content\">\n\t<div class=\"qodef-accordion-content-inner\">\n\t\t<p>Creating and optimizing digital products or services that cater to your audience's needs and preferences.<\/p>\t<\/div>\n<\/div>\n<h5 class=\"qodef-accordion-title\">\n\t<span class=\"qodef-tab-title\">Content Development<\/span>\n\t<span class=\"qodef-accordion-mark\">\n\t\t<span class=\"qodef-icon--minus\"><svg class=\"qodef-svg--arrow-top\" xmlns=\"http:\/\/www.w3.org\/2000\/svg\" width=\"15\" height=\"7.5\"><path d=\"M1.349 7.5a1.319 1.319 0 0 1-.809-.285A1.61 1.61 0 0 1 0 6.531L6.852.147a2.129 2.129 0 0 1 .674-.143 1.329 1.329 0 0 1 .728.143L15 6.36a5.15 5.15 0 0 1-.513.769 1.01 1.01 0 0 1-.836.371L7.338 4.365Z\"\/><\/svg><\/span>\n\t<\/span>\n<\/h5>\n<div class=\"qodef-accordion-content\">\n\t<div class=\"qodef-accordion-content-inner\">\n\t\t<p>Crafting compelling and creative content, including written copy, images, videos, and more, to engage and inform your audience<\/p>\t<\/div>\n<\/div>\n<h5 class=\"qodef-accordion-title\">\n\t<span class=\"qodef-tab-title\">Custom Training Programmes<\/span>\n\t<span class=\"qodef-accordion-mark\">\n\t\t<span class=\"qodef-icon--minus\"><svg class=\"qodef-svg--arrow-top\" xmlns=\"http:\/\/www.w3.org\/2000\/svg\" width=\"15\" height=\"7.5\"><path d=\"M1.349 7.5a1.319 1.319 0 0 1-.809-.285A1.61 1.61 0 0 1 0 6.531L6.852.147a2.129 2.129 0 0 1 .674-.143 1.329 1.329 0 0 1 .728.143L15 6.36a5.15 5.15 0 0 1-.513.769 1.01 1.01 0 0 1-.836.371L7.338 4.365Z\"\/><\/svg><\/span>\n\t<\/span>\n<\/h5>\n<div class=\"qodef-accordion-content\">\n\t<div class=\"qodef-accordion-content-inner\">\n\t\t<p>Discover Tailored Excellence with Our Custom Training Programmes<\/p>\t<\/div>\n<\/div>\n<\/div>\n\t\t\t\t<\/div>\n\t\t\t\t<\/div>\n\t\t\t\t\t<\/div>\n\t\t<\/div>\n\t\t\t\t\t<\/div>\n\t\t<\/section>\n\t\t\t\t<section class=\"elementor-section elementor-top-section elementor-element elementor-element-f3fce89 qodef-elementor-content-grid elementor-section-boxed elementor-section-height-default elementor-section-height-default\" data-id=\"f3fce89\" data-element_type=\"section\">\n\t\t\t\t\t\t<div class=\"elementor-container elementor-column-gap-default\">\n\t\t\t\t\t<div class=\"elementor-column elementor-col-100 elementor-top-column elementor-element elementor-element-215b79f\" data-id=\"215b79f\" data-element_type=\"column\">\n\t\t\t<div class=\"elementor-widget-wrap elementor-element-populated\">\n\t\t\t\t\t\t<div class=\"elementor-element elementor-element-a53c9e7 elementor-widget__width-initial elementor-widget elementor-widget-onegoal_core_section_title\" data-id=\"a53c9e7\" data-element_type=\"widget\" data-widget_type=\"onegoal_core_section_title.default\">\n\t\t\t\t<div class=\"elementor-widget-container\">\n\t\t\t\t\t<div class=\"qodef-shortcode qodef-m  qodef-section-title qodef-alignment--left \">\n\t\t<div class=\"qodef-m-subtitle\" style=\"margin-bottom: 14px\">\n\t\tExcited to Take on a New Challenge?\t<\/div>\n\t\t<h2 class=\"qodef-m-title\" >\n\t\t\t\t\tLet\u2019s Build It Together with Prime Ajans!\t\t\t<\/h2>\n\t<\/div>\n\t\t\t\t<\/div>\n\t\t\t\t<\/div>\n\t\t\t\t\t<\/div>\n\t\t<\/div>\n\t\t\t\t\t<\/div>\n\t\t<\/section>\n\t\t\t\t<section class=\"elementor-section elementor-top-section elementor-element elementor-element-4f75569 qodef-elementor-content-grid elementor-section-boxed elementor-section-height-default elementor-section-height-default\" data-id=\"4f75569\" data-element_type=\"section\">\n\t\t\t\t\t\t<div class=\"elementor-container elementor-column-gap-default\">\n\t\t\t\t\t<div class=\"elementor-column elementor-col-100 elementor-top-column elementor-element elementor-element-dafa346\" data-id=\"dafa346\" data-element_type=\"column\">\n\t\t\t<div class=\"elementor-widget-wrap elementor-element-populated\">\n\t\t\t\t\t\t<div class=\"elementor-element elementor-element-77743cd elementor-widget elementor-widget-onegoal_core_video_button\" data-id=\"77743cd\" data-element_type=\"widget\" data-widget_type=\"onegoal_core_video_button.default\">\n\t\t\t\t<div class=\"elementor-widget-container\">\n\t\t\t\t\t<div class=\"qodef-shortcode qodef-m  qodef-video-button qodef--has-img\">\n\t\t<\/div>\n\t\t\t\t<\/div>\n\t\t\t\t<\/div>\n\t\t\t\t\t<\/div>\n\t\t<\/div>\n\t\t\t\t\t<\/div>\n\t\t<\/section>\n\t\t\t\t<section class=\"elementor-section elementor-top-section elementor-element elementor-element-75b0c71 qodef-elementor-content-grid elementor-section-boxed elementor-section-height-default elementor-section-height-default\" data-id=\"75b0c71\" data-element_type=\"section\">\n\t\t\t\t\t\t<div class=\"elementor-container elementor-column-gap-default\">\n\t\t\t\t\t<div class=\"elementor-column elementor-col-100 elementor-top-column elementor-element elementor-element-819a8ac\" data-id=\"819a8ac\" data-element_type=\"column\">\n\t\t\t<div class=\"elementor-widget-wrap elementor-element-populated\">\n\t\t\t\t\t\t<div class=\"elementor-element elementor-element-ebdf4cf elementor-widget__width-auto elementor-widget elementor-widget-text-editor\" data-id=\"ebdf4cf\" data-element_type=\"widget\" data-widget_type=\"text-editor.default\">\n\t\t\t\t\t\t\t\t\t<p>Greetings,<\/p>\n<p>It seems our paths have crossed. Over the next two years, our focus will remain on providing tailor-made consulting services to companies, driven by our expanding network of consultants.<\/p>\n<p>Sincerely,<\/p>\n<p>HHB<\/p>\n\t\t\t\t\t\t\t\t<\/div>\n\t\t\t\t\t<\/div>\n\t\t<\/div>\n\t\t\t\t\t<\/div>\n\t\t<\/section>\n\t\t\t\t<section class=\"elementor-section elementor-top-section elementor-element elementor-element-e571767 qodef-elementor-content-grid elementor-section-boxed elementor-section-height-default elementor-section-height-default\" data-id=\"e571767\" data-element_type=\"section\">\n\t\t\t\t\t\t<div class=\"elementor-container elementor-column-gap-default\">\n\t\t\t\t\t<div class=\"elementor-column elementor-col-100 elementor-top-column elementor-element elementor-element-0201401\" data-id=\"0201401\" data-element_type=\"column\">\n\t\t\t<div class=\"elementor-widget-wrap elementor-element-populated\">\n\t\t\t\t\t\t<div class=\"elementor-element elementor-element-ea26f0b elementor-widget__width-auto elementor-widget elementor-widget-onegoal_core_button\" data-id=\"ea26f0b\" data-element_type=\"widget\" data-widget_type=\"onegoal_core_button.default\">\n\t\t\t\t<div class=\"elementor-widget-container\">\n\t\t\t\t\t<a class=\"qodef-shortcode qodef-m  qodef-button qodef-layout--outlined  qodef-html--link\" href=\"#\" target=\"_self\"  >\n\t<span class=\"qodef-m-text\">Bize ula\u015f\u0131n<\/span>\n\t<span class=\"qodef-m-arrow\">\n\t\t<svg class=\"qodef-svg--arrow-top-right\" xmlns=\"http:\/\/www.w3.org\/2000\/svg\" width=\"10\" height=\"10\" viewBox=\"0 0 10.00 10.00\"><path d=\"M1.018 10.009 0 8.991l7.569-7.582H1.723L1.737 0h8.26v8.274H8.574l.013-5.847Z\"\/><path d=\"M1.018 10.009 0 8.991l7.569-7.582H1.723L1.737 0h8.26v8.274H8.574l.013-5.847Z\"\/><\/svg>\t<\/span>\n<\/a>\n\t\t\t\t<\/div>\n\t\t\t\t<\/div>\n\t\t\t\t\t<\/div>\n\t\t<\/div>\n\t\t\t\t\t<\/div>\n\t\t<\/section>\n\t\t\t\t<\/div>\n\t\t","protected":false},"excerpt":{"rendered":"<p>H\u0130ZMETLER\u0130M\u0130Z Our services custom made what we offer Crafting Your Road to Success like the others At Prime Agency, we provide a platform for talent discovery and enhancement. We work with a wide spectrum of talents, from artists to entrepreneurs, tech experts to performers. We guide you in showcasing your talents, steering your projects, and [&hellip;]<\/p>\n","protected":false},"author":1,"featured_media":0,"parent":0,"menu_order":0,"comment_status":"closed","ping_status":"closed","template":"","meta":{"footnotes":""},"class_list":["post-9810","page","type-page","status-publish","hentry"],"aioseo_notices":[],"_links":{"self":[{"href":"https:\/\/primeajans.com\/tr\/wp-json\/wp\/v2\/pages\/9810","targetHints":{"allow":["GET"]}}],"collection":[{"href":"https:\/\/primeajans.com\/tr\/wp-json\/wp\/v2\/pages"}],"about":[{"href":"https:\/\/primeajans.com\/tr\/wp-json\/wp\/v2\/types\/page"}],"author":[{"embeddable":true,"href":"https:\/\/primeajans.com\/tr\/wp-json\/wp\/v2\/users\/1"}],"replies":[{"embeddable":true,"href":"https:\/\/primeajans.com\/tr\/wp-json\/wp\/v2\/comments?post=9810"}],"version-history":[{"count":17,"href":"https:\/\/primeajans.com\/tr\/wp-json\/wp\/v2\/pages\/9810\/revisions"}],"predecessor-version":[{"id":9893,"href":"https:\/\/primeajans.com\/tr\/wp-json\/wp\/v2\/pages\/9810\/revisions\/9893"}],"wp:attachment":[{"href":"https:\/\/primeajans.com\/tr\/wp-json\/wp\/v2\/media?parent=9810"}],"curies":[{"name":"wp","href":"https:\/\/api.w.org\/{rel}","templated":true}]}}