{"id":9808,"date":"2023-05-16T10:38:21","date_gmt":"2023-05-16T10:38:21","guid":{"rendered":"https:\/\/primeajans.com\/danismanlarimiz\/"},"modified":"2025-01-26T13:07:14","modified_gmt":"2025-01-26T13:07:14","slug":"danismanlarimiz","status":"publish","type":"page","link":"https:\/\/primeajans.com\/tr\/danismanlarimiz\/","title":{"rendered":"Dan\u0131\u015fmanlar\u0131m\u0131z"},"content":{"rendered":"\t\t<div data-elementor-type=\"wp-page\" data-elementor-id=\"9808\" class=\"elementor elementor-9808 elementor-4587\">\n\t\t\t\t\t\t<section class=\"elementor-section elementor-top-section elementor-element elementor-element-02f0a1d elementor-section-height-min-height elementor-section-items-top qodef-elementor-content-grid elementor-section-boxed elementor-section-height-default\" data-id=\"02f0a1d\" data-element_type=\"section\" data-settings=\"{&quot;background_background&quot;:&quot;classic&quot;}\">\n\t\t\t\t\t\t<div class=\"elementor-container elementor-column-gap-default\">\n\t\t\t\t\t<div class=\"elementor-column elementor-col-100 elementor-top-column elementor-element elementor-element-b39f595\" data-id=\"b39f595\" data-element_type=\"column\">\n\t\t\t<div class=\"elementor-widget-wrap elementor-element-populated\">\n\t\t\t\t\t\t<div class=\"elementor-element elementor-element-fcb115e elementor-widget elementor-widget-onegoal_core_section_title\" data-id=\"fcb115e\" data-element_type=\"widget\" data-widget_type=\"onegoal_core_section_title.default\">\n\t\t\t\t<div class=\"elementor-widget-container\">\n\t\t\t\t\t<div class=\"qodef-shortcode qodef-m  qodef-section-title qodef-alignment--left \">\n\t\t<div class=\"qodef-m-subtitle\" style=\"margin-bottom: 15px\">\n\t\tThe PRIMER\t<\/div>\n\t\t<h1 class=\"qodef-m-title\" >\n\t\t\t\t\tDan\u0131\u015fmanlar\u0131m\u0131z\t\t\t<\/h1>\n\t<\/div>\n\t\t\t\t<\/div>\n\t\t\t\t<\/div>\n\t\t\t\t\t<\/div>\n\t\t<\/div>\n\t\t\t\t\t<\/div>\n\t\t<\/section>\n\t\t\t\t<section class=\"elementor-section elementor-top-section elementor-element elementor-element-14719d1b qodef-elementor-content-grid elementor-section-full_width elementor-section-height-default elementor-section-height-default\" data-id=\"14719d1b\" data-element_type=\"section\">\n\t\t\t\t\t\t<div class=\"elementor-container elementor-column-gap-no\">\n\t\t\t\t\t<div class=\"elementor-column elementor-col-50 elementor-top-column elementor-element elementor-element-15d32e8e\" data-id=\"15d32e8e\" data-element_type=\"column\">\n\t\t\t<div class=\"elementor-widget-wrap elementor-element-populated\">\n\t\t\t\t\t\t<div class=\"elementor-element elementor-element-5a939d00 elementor-widget-tablet__width-inherit elementor-widget elementor-widget-onegoal_core_section_title\" data-id=\"5a939d00\" data-element_type=\"widget\" data-widget_type=\"onegoal_core_section_title.default\">\n\t\t\t\t<div class=\"elementor-widget-container\">\n\t\t\t\t\t<div class=\"qodef-shortcode qodef-m  qodef-section-title qodef-alignment--left qodef-title-break--disabled\">\n\t\t<div class=\"qodef-m-subtitle\" style=\"margin-bottom: 13px\">\n\t\tekip\t<\/div>\n\t\t<h2 class=\"qodef-m-title\" >\n\t\t\t\t\t\u0130\u015fin mutfa\u011f\u0131ndaki \"The<br \/> Primers\" Hikayelerle tan\u0131\u015f\u0131n.\t\t\t<\/h2>\n\t<\/div>\n\t\t\t\t<\/div>\n\t\t\t\t<\/div>\n\t\t\t\t\t<\/div>\n\t\t<\/div>\n\t\t\t\t<div class=\"elementor-column elementor-col-50 elementor-top-column elementor-element elementor-element-5fb138cf\" data-id=\"5fb138cf\" data-element_type=\"column\">\n\t\t\t<div class=\"elementor-widget-wrap elementor-element-populated\">\n\t\t\t\t\t\t<div class=\"elementor-element elementor-element-2a621b32 elementor-widget__width-initial elementor-widget-tablet__width-inherit elementor-widget elementor-widget-text-editor\" data-id=\"2a621b32\" data-element_type=\"widget\" data-widget_type=\"text-editor.default\">\n\t\t\t\t\t\t\t\t\t<div class=\"flex-shrink-0 flex flex-col relative items-end\"><div><div class=\"pt-0\"><div class=\"gizmo-bot-avatar flex h-8 w-8 items-center justify-center overflow-hidden rounded-full\"><div class=\"relative p-1 rounded-sm flex items-center justify-center bg-token-main-surface-primary text-token-text-primary h-8 w-8\">\u0130\u015finin en iyisi olarak, yetenek ve deneyimlerimizi bir araya getiriyor, projelerinizi u\u00e7tan uca planlayarak stratejik ve etkili bir \u015fekilde y\u00f6netiyoruz. Her ad\u0131mda kontroll\u00fc, her detayda \u00f6zenli bir yakla\u015f\u0131mla projelerinizi ba\u015far\u0131ya ta\u015f\u0131yoruz.<\/div><\/div><\/div><\/div><\/div>\t\t\t\t\t\t\t\t<\/div>\n\t\t\t\t\t<\/div>\n\t\t<\/div>\n\t\t\t\t\t<\/div>\n\t\t<\/section>\n\t\t\t\t<section class=\"elementor-section elementor-top-section elementor-element elementor-element-2ede32a9 qodef-elementor-content-grid elementor-section-full_width elementor-section-height-default elementor-section-height-default\" data-id=\"2ede32a9\" data-element_type=\"section\">\n\t\t\t\t\t\t<div class=\"elementor-container elementor-column-gap-no\">\n\t\t\t\t\t<div class=\"elementor-column elementor-col-100 elementor-top-column elementor-element elementor-element-703846a1\" data-id=\"703846a1\" data-element_type=\"column\">\n\t\t\t<div class=\"elementor-widget-wrap elementor-element-populated\">\n\t\t\t\t\t\t<div class=\"elementor-element elementor-element-576c02e0 elementor-widget elementor-widget-onegoal_core_team_list\" data-id=\"576c02e0\" data-element_type=\"widget\" data-widget_type=\"onegoal_core_team_list.default\">\n\t\t\t\t<div class=\"elementor-widget-container\">\n\t\t\t\t\t<div class=\"qodef-shortcode qodef-m  qodef-team-list qodef-item-layout--info-on-hover qodef-item-border-radius--top-left-bottom-right   qodef-item-overlay--blur qodef-grid qodef-layout--columns  qodef-gutter--normal qodef-vertical-gutter--normal qodef-col-num--4 qodef-item-layout--info-on-hover qodef-pagination--off qodef-responsive--custom qodef-col-num--1440--4 qodef-col-num--1366--4 qodef-col-num--1024--2 qodef-col-num--768--2 qodef-col-num--680--1 qodef-col-num--480--1\" data-options=\"{&quot;plugin&quot;:&quot;onegoal_core&quot;,&quot;module&quot;:&quot;post-types\\\/team\\\/shortcodes&quot;,&quot;shortcode&quot;:&quot;team-list&quot;,&quot;post_type&quot;:&quot;team&quot;,&quot;next_page&quot;:&quot;2&quot;,&quot;max_pages_num&quot;:2,&quot;behavior&quot;:&quot;columns&quot;,&quot;images_proportion&quot;:&quot;full&quot;,&quot;columns&quot;:&quot;4&quot;,&quot;columns_responsive&quot;:&quot;custom&quot;,&quot;columns_1440&quot;:&quot;4&quot;,&quot;columns_1366&quot;:&quot;4&quot;,&quot;columns_1024&quot;:&quot;2&quot;,&quot;columns_768&quot;:&quot;2&quot;,&quot;columns_680&quot;:&quot;1&quot;,&quot;columns_480&quot;:&quot;1&quot;,&quot;space&quot;:&quot;normal&quot;,&quot;vertical_space&quot;:&quot;normal&quot;,&quot;posts_per_page&quot;:&quot;8&quot;,&quot;orderby&quot;:&quot;date&quot;,&quot;order&quot;:&quot;ASC&quot;,&quot;additional_params&quot;:&quot;tax&quot;,&quot;tax&quot;:&quot;team-category&quot;,&quot;tax_slug&quot;:&quot;Home 2&quot;,&quot;layout&quot;:&quot;info-on-hover&quot;,&quot;title_tag&quot;:&quot;h5&quot;,&quot;border_radius_position&quot;:&quot;top-left-bottom-right&quot;,&quot;pagination_type&quot;:&quot;no-pagination&quot;,&quot;info_on_hover_overlay_background_color&quot;:&quot;#F7F7F7&quot;,&quot;info_on_hover_overlay_blur&quot;:&quot;yes&quot;,&quot;object_class_name&quot;:&quot;OneGoalCore_Team_List_Shortcode&quot;,&quot;taxonomy_filter&quot;:&quot;team-category&quot;,&quot;additional_query_args&quot;:{&quot;tax_query&quot;:[{&quot;taxonomy&quot;:&quot;team-category&quot;,&quot;field&quot;:&quot;slug&quot;,&quot;terms&quot;:&quot;Home 2&quot;}]},&quot;item_classes&quot;:&quot;qodef-e qodef-grid-item &quot;,&quot;space_value&quot;:30}\">\n\t\t<div class=\"qodef-grid-inner\">\n\t\t<div class=\"qodef-e qodef-grid-item  post-4087 team type-team status-publish has-post-thumbnail hentry team-category-about-us team-category-home-2 team-category-home-5\">\n\t<div class=\"qodef-e-inner\">\n\t\t<div class=\"qodef-e-image\">\n\t\t\t\t<div class=\"qodef-e-media-image\">\n\t\t\t\t\t<img fetchpriority=\"high\" decoding=\"async\" width=\"400\" height=\"400\" src=\"https:\/\/primeajans.com\/wp-content\/uploads\/2023\/05\/HHB_Portrait.jpg\" class=\"attachment-full size-full wp-post-image\" alt=\"\" srcset=\"https:\/\/primeajans.com\/wp-content\/uploads\/2023\/05\/HHB_Portrait.jpg 400w, https:\/\/primeajans.com\/wp-content\/uploads\/2023\/05\/HHB_Portrait-300x300.jpg 300w, https:\/\/primeajans.com\/wp-content\/uploads\/2023\/05\/HHB_Portrait-100x100.jpg 100w, https:\/\/primeajans.com\/wp-content\/uploads\/2023\/05\/HHB_Portrait-150x150.jpg 150w\" sizes=\"(max-width: 400px) 100vw, 400px\" \/>\t\t\t<\/div>\n\t\t\t<div class=\"qodef-e-content\" style=\"background-color:#F7F7F7\">\n\t\t\t\t<div class=\"qodef-e-content-top\">\n\t\t\t\t\t<h5 itemprop=\"name\" class=\"qodef-e-title entry-title\" >\n\t\t\tHa\u015fim Haluk B\u00f6l\u00fck\t<\/h5>\n\t\t\t\t\t\t<p class=\"qodef-e-role\">CEO, Founder<\/p>\n\t\t\t\t\t\t\t\t\t<\/div>\n\t\t\t\t<div class=\"qodef-e-content-bottom\">\n\t\t\t\t\t\t<div class=\"qodef-social-icon\">\n\t\t\t\t\t\t<a class=\"qodef-team-member-social-icon\" href=\"https:\/\/www.linkedin.com\/in\/hasimhb\/\" target=\"_blank\">\n\t\t\t\t\t<span class=\"qodef-icon-elegant-icons social_linkedin\" ><\/span>\t\t\t\t<\/a>\n\t\t\t\t\t\t<\/div>\n\t\t\t\t<\/div>\n\t\t\t<\/div>\n\t\t<\/div>\n\t<\/div>\n<\/div>\n<div class=\"qodef-e qodef-grid-item  post-4088 team type-team status-publish has-post-thumbnail hentry team-category-about-us team-category-home-2 team-category-home-5\">\n\t<div class=\"qodef-e-inner\">\n\t\t<div class=\"qodef-e-image\">\n\t\t\t\t<div class=\"qodef-e-media-image\">\n\t\t\t\t\t<img decoding=\"async\" width=\"1050\" height=\"996\" src=\"https:\/\/primeajans.com\/wp-content\/uploads\/2023\/05\/mine_boluk.jpeg\" class=\"attachment-full size-full wp-post-image\" alt=\"\" srcset=\"https:\/\/primeajans.com\/wp-content\/uploads\/2023\/05\/mine_boluk.jpeg 1050w, https:\/\/primeajans.com\/wp-content\/uploads\/2023\/05\/mine_boluk-600x569.jpeg 600w, https:\/\/primeajans.com\/wp-content\/uploads\/2023\/05\/mine_boluk-300x285.jpeg 300w, https:\/\/primeajans.com\/wp-content\/uploads\/2023\/05\/mine_boluk-1024x971.jpeg 1024w, https:\/\/primeajans.com\/wp-content\/uploads\/2023\/05\/mine_boluk-768x729.jpeg 768w\" sizes=\"(max-width: 1050px) 100vw, 1050px\" \/>\t\t\t<\/div>\n\t\t\t<div class=\"qodef-e-content\" style=\"background-color:#F7F7F7\">\n\t\t\t\t<div class=\"qodef-e-content-top\">\n\t\t\t\t\t<h5 itemprop=\"name\" class=\"qodef-e-title entry-title\" >\n\t\t\tMine B\u00f6l\u00fck\t<\/h5>\n\t\t\t\t\t\t<p class=\"qodef-e-role\">Event Planning & Event Management<\/p>\n\t\t\t\t\t\t\t\t\t<\/div>\n\t\t\t\t<div class=\"qodef-e-content-bottom\">\n\t\t\t\t\t\t\t\t\t<\/div>\n\t\t\t<\/div>\n\t\t<\/div>\n\t<\/div>\n<\/div>\n<div class=\"qodef-e qodef-grid-item  post-4089 team type-team status-publish has-post-thumbnail hentry team-category-about-us team-category-home-2 team-category-home-5\">\n\t<div class=\"qodef-e-inner\">\n\t\t<div class=\"qodef-e-image\">\n\t\t\t\t<div class=\"qodef-e-media-image\">\n\t\t\t\t\t<img decoding=\"async\" width=\"300\" height=\"300\" src=\"https:\/\/primeajans.com\/wp-content\/uploads\/2023\/05\/Emre_Ozel_300x300.jpg\" class=\"attachment-full size-full wp-post-image\" alt=\"\" srcset=\"https:\/\/primeajans.com\/wp-content\/uploads\/2023\/05\/Emre_Ozel_300x300.jpg 300w, https:\/\/primeajans.com\/wp-content\/uploads\/2023\/05\/Emre_Ozel_300x300-100x100.jpg 100w, https:\/\/primeajans.com\/wp-content\/uploads\/2023\/05\/Emre_Ozel_300x300-150x150.jpg 150w\" sizes=\"(max-width: 300px) 100vw, 300px\" \/>\t\t\t<\/div>\n\t\t\t<div class=\"qodef-e-content\" style=\"background-color:#F7F7F7\">\n\t\t\t\t<div class=\"qodef-e-content-top\">\n\t\t\t\t\t<h5 itemprop=\"name\" class=\"qodef-e-title entry-title\" >\n\t\t\tEmre \u00d6zel\t<\/h5>\n\t\t\t\t\t\t<p class=\"qodef-e-role\">Project Expert<\/p>\n\t\t\t\t\t\t\t\t\t<\/div>\n\t\t\t\t<div class=\"qodef-e-content-bottom\">\n\t\t\t\t\t\t\t\t\t<\/div>\n\t\t\t<\/div>\n\t\t<\/div>\n\t<\/div>\n<\/div>\n<div class=\"qodef-e qodef-grid-item  post-4090 team type-team status-publish has-post-thumbnail hentry team-category-about-us team-category-home-2 team-category-home-5\">\n\t<div class=\"qodef-e-inner\">\n\t\t<div class=\"qodef-e-image\">\n\t\t\t\t<div class=\"qodef-e-media-image\">\n\t\t\t\t\t<img loading=\"lazy\" decoding=\"async\" width=\"300\" height=\"300\" src=\"https:\/\/primeajans.com\/wp-content\/uploads\/2023\/05\/Eli_Bulent_Turan_300x300.jpg\" class=\"attachment-full size-full wp-post-image\" alt=\"\" srcset=\"https:\/\/primeajans.com\/wp-content\/uploads\/2023\/05\/Eli_Bulent_Turan_300x300.jpg 300w, https:\/\/primeajans.com\/wp-content\/uploads\/2023\/05\/Eli_Bulent_Turan_300x300-100x100.jpg 100w, https:\/\/primeajans.com\/wp-content\/uploads\/2023\/05\/Eli_Bulent_Turan_300x300-150x150.jpg 150w\" sizes=\"(max-width: 300px) 100vw, 300px\" \/>\t\t\t<\/div>\n\t\t\t<div class=\"qodef-e-content\" style=\"background-color:#F7F7F7\">\n\t\t\t\t<div class=\"qodef-e-content-top\">\n\t\t\t\t\t<h5 itemprop=\"name\" class=\"qodef-e-title entry-title\" >\n\t\t\tAli B\u00fclent Turan\t<\/h5>\n\t\t\t\t\t\t<p class=\"qodef-e-role\">Project Expert<\/p>\n\t\t\t\t\t\t\t\t\t<\/div>\n\t\t\t\t<div class=\"qodef-e-content-bottom\">\n\t\t\t\t\t\t\t\t\t<\/div>\n\t\t\t<\/div>\n\t\t<\/div>\n\t<\/div>\n<\/div>\n<div class=\"qodef-e qodef-grid-item  post-4091 team type-team status-publish has-post-thumbnail hentry team-category-about-us team-category-home-2 team-category-home-5\">\n\t<div class=\"qodef-e-inner\">\n\t\t<div class=\"qodef-e-image\">\n\t\t\t\t<div class=\"qodef-e-media-image\">\n\t\t\t\t\t<img loading=\"lazy\" decoding=\"async\" width=\"300\" height=\"300\" src=\"https:\/\/primeajans.com\/wp-content\/uploads\/2023\/05\/Bilal_Iskender.jpg\" class=\"attachment-full size-full wp-post-image\" alt=\"\" srcset=\"https:\/\/primeajans.com\/wp-content\/uploads\/2023\/05\/Bilal_Iskender.jpg 300w, https:\/\/primeajans.com\/wp-content\/uploads\/2023\/05\/Bilal_Iskender-100x100.jpg 100w, https:\/\/primeajans.com\/wp-content\/uploads\/2023\/05\/Bilal_Iskender-150x150.jpg 150w\" sizes=\"(max-width: 300px) 100vw, 300px\" \/>\t\t\t<\/div>\n\t\t\t<div class=\"qodef-e-content\" style=\"background-color:#F7F7F7\">\n\t\t\t\t<div class=\"qodef-e-content-top\">\n\t\t\t\t\t<h5 itemprop=\"name\" class=\"qodef-e-title entry-title\" >\n\t\t\tBilal \u0130skender\t<\/h5>\n\t\t\t\t\t\t<p class=\"qodef-e-role\">Marketing Consultant<\/p>\n\t\t\t\t\t\t\t\t\t<\/div>\n\t\t\t\t<div class=\"qodef-e-content-bottom\">\n\t\t\t\t\t\t\t\t\t<\/div>\n\t\t\t<\/div>\n\t\t<\/div>\n\t<\/div>\n<\/div>\n<div class=\"qodef-e qodef-grid-item  post-4092 team type-team status-publish has-post-thumbnail hentry team-category-about-us team-category-home-2 team-category-home-5\">\n\t<div class=\"qodef-e-inner\">\n\t\t<div class=\"qodef-e-image\">\n\t\t\t\t<div class=\"qodef-e-media-image\">\n\t\t\t\t\t<img loading=\"lazy\" decoding=\"async\" width=\"1024\" height=\"1024\" src=\"https:\/\/primeajans.com\/wp-content\/uploads\/2023\/05\/Olga-Minevich-.png\" class=\"attachment-full size-full wp-post-image\" alt=\"\" srcset=\"https:\/\/primeajans.com\/wp-content\/uploads\/2023\/05\/Olga-Minevich-.png 1024w, https:\/\/primeajans.com\/wp-content\/uploads\/2023\/05\/Olga-Minevich--300x300.png 300w, https:\/\/primeajans.com\/wp-content\/uploads\/2023\/05\/Olga-Minevich--100x100.png 100w, https:\/\/primeajans.com\/wp-content\/uploads\/2023\/05\/Olga-Minevich--600x600.png 600w, https:\/\/primeajans.com\/wp-content\/uploads\/2023\/05\/Olga-Minevich--150x150.png 150w, https:\/\/primeajans.com\/wp-content\/uploads\/2023\/05\/Olga-Minevich--768x768.png 768w, https:\/\/primeajans.com\/wp-content\/uploads\/2023\/05\/Olga-Minevich--650x650.png 650w\" sizes=\"(max-width: 1024px) 100vw, 1024px\" \/>\t\t\t<\/div>\n\t\t\t<div class=\"qodef-e-content\" style=\"background-color:#F7F7F7\">\n\t\t\t\t<div class=\"qodef-e-content-top\">\n\t\t\t\t\t<h5 itemprop=\"name\" class=\"qodef-e-title entry-title\" >\n\t\t\tOlga Minevich\t<\/h5>\n\t\t\t\t\t\t<p class=\"qodef-e-role\">Business Manager<\/p>\n\t\t\t\t\t\t\t\t\t<\/div>\n\t\t\t\t<div class=\"qodef-e-content-bottom\">\n\t\t\t\t\t\t\t\t\t<\/div>\n\t\t\t<\/div>\n\t\t<\/div>\n\t<\/div>\n<\/div>\n<div class=\"qodef-e qodef-grid-item  post-4093 team type-team status-publish has-post-thumbnail hentry team-category-about-us team-category-home-2 team-category-home-5\">\n\t<div class=\"qodef-e-inner\">\n\t\t<div class=\"qodef-e-image\">\n\t\t\t\t<div class=\"qodef-e-media-image\">\n\t\t\t\t\t<img loading=\"lazy\" decoding=\"async\" width=\"1000\" height=\"1000\" src=\"https:\/\/primeajans.com\/wp-content\/uploads\/2023\/05\/Bensu_Ciftci_.jpg\" class=\"attachment-full size-full wp-post-image\" alt=\"\" srcset=\"https:\/\/primeajans.com\/wp-content\/uploads\/2023\/05\/Bensu_Ciftci_.jpg 1000w, https:\/\/primeajans.com\/wp-content\/uploads\/2023\/05\/Bensu_Ciftci_-300x300.jpg 300w, https:\/\/primeajans.com\/wp-content\/uploads\/2023\/05\/Bensu_Ciftci_-100x100.jpg 100w, https:\/\/primeajans.com\/wp-content\/uploads\/2023\/05\/Bensu_Ciftci_-600x600.jpg 600w, https:\/\/primeajans.com\/wp-content\/uploads\/2023\/05\/Bensu_Ciftci_-150x150.jpg 150w, https:\/\/primeajans.com\/wp-content\/uploads\/2023\/05\/Bensu_Ciftci_-768x768.jpg 768w, https:\/\/primeajans.com\/wp-content\/uploads\/2023\/05\/Bensu_Ciftci_-650x650.jpg 650w\" sizes=\"(max-width: 1000px) 100vw, 1000px\" \/>\t\t\t<\/div>\n\t\t\t<div class=\"qodef-e-content\" style=\"background-color:#F7F7F7\">\n\t\t\t\t<div class=\"qodef-e-content-top\">\n\t\t\t\t\t<h5 itemprop=\"name\" class=\"qodef-e-title entry-title\" >\n\t\t\tBensu \u00c7ift\u00e7i\t<\/h5>\n\t\t\t\t\t\t<p class=\"qodef-e-role\">Project Expert<\/p>\n\t\t\t\t\t\t\t\t\t<\/div>\n\t\t\t\t<div class=\"qodef-e-content-bottom\">\n\t\t\t\t\t\t\t\t\t<\/div>\n\t\t\t<\/div>\n\t\t<\/div>\n\t<\/div>\n<\/div>\n<div class=\"qodef-e qodef-grid-item  post-4094 team type-team status-publish has-post-thumbnail hentry team-category-about-us team-category-home-2 team-category-home-5\">\n\t<div class=\"qodef-e-inner\">\n\t\t<div class=\"qodef-e-image\">\n\t\t\t\t<div class=\"qodef-e-media-image\">\n\t\t\t\t\t<img loading=\"lazy\" decoding=\"async\" width=\"1024\" height=\"1024\" src=\"https:\/\/primeajans.com\/wp-content\/uploads\/2023\/05\/Primer_Consult.png\" class=\"attachment-full size-full wp-post-image\" alt=\"\" srcset=\"https:\/\/primeajans.com\/wp-content\/uploads\/2023\/05\/Primer_Consult.png 1024w, https:\/\/primeajans.com\/wp-content\/uploads\/2023\/05\/Primer_Consult-300x300.png 300w, https:\/\/primeajans.com\/wp-content\/uploads\/2023\/05\/Primer_Consult-100x100.png 100w, https:\/\/primeajans.com\/wp-content\/uploads\/2023\/05\/Primer_Consult-600x600.png 600w, https:\/\/primeajans.com\/wp-content\/uploads\/2023\/05\/Primer_Consult-150x150.png 150w, https:\/\/primeajans.com\/wp-content\/uploads\/2023\/05\/Primer_Consult-768x768.png 768w, https:\/\/primeajans.com\/wp-content\/uploads\/2023\/05\/Primer_Consult-650x650.png 650w\" sizes=\"(max-width: 1024px) 100vw, 1024px\" \/>\t\t\t<\/div>\n\t\t\t<div class=\"qodef-e-content\" style=\"background-color:#F7F7F7\">\n\t\t\t\t<div class=\"qodef-e-content-top\">\n\t\t\t\t\t<h5 itemprop=\"name\" class=\"qodef-e-title entry-title\" >\n\t\t\tAhmet Burak Tekin\t<\/h5>\n\t\t\t\t\t\t<p class=\"qodef-e-role\">Financial Expert<\/p>\n\t\t\t\t\t\t\t\t\t<\/div>\n\t\t\t\t<div class=\"qodef-e-content-bottom\">\n\t\t\t\t\t\t\t\t\t<\/div>\n\t\t\t<\/div>\n\t\t<\/div>\n\t<\/div>\n<\/div>\n\t<\/div>\n\t<\/div>\n\t\t\t\t<\/div>\n\t\t\t\t<\/div>\n\t\t\t\t\t<\/div>\n\t\t<\/div>\n\t\t\t\t\t<\/div>\n\t\t<\/section>\n\t\t\t\t<section class=\"elementor-section elementor-top-section elementor-element elementor-element-568988a5 elementor-section-full_width qodef-elementor-content-grid elementor-section-height-default elementor-section-height-default\" data-id=\"568988a5\" data-element_type=\"section\" data-settings=\"{&quot;background_background&quot;:&quot;classic&quot;}\">\n\t\t\t\t\t\t<div class=\"elementor-container elementor-column-gap-no\">\n\t\t\t\t\t<div class=\"elementor-column elementor-col-100 elementor-top-column elementor-element elementor-element-77476539\" data-id=\"77476539\" data-element_type=\"column\">\n\t\t\t<div class=\"elementor-widget-wrap elementor-element-populated\">\n\t\t\t\t\t\t<div class=\"elementor-element elementor-element-660747ad elementor-widget elementor-widget-onegoal_core_section_title\" data-id=\"660747ad\" data-element_type=\"widget\" data-widget_type=\"onegoal_core_section_title.default\">\n\t\t\t\t<div class=\"elementor-widget-container\">\n\t\t\t\t\t<div class=\"qodef-shortcode qodef-m  qodef-section-title qodef-alignment--center qodef-title-break--disabled\">\n\t\t<div class=\"qodef-m-subtitle\" style=\"margin-bottom: 15px\">\n\t\tYeni bir proje ba\u015flatmak i\u00e7in \t<\/div>\n\t\t<h2 class=\"qodef-m-title\" >\n\t\t\t\t\tBize yaz\u0131n\t\t\t<\/h2>\n\t<\/div>\n\t\t\t\t<\/div>\n\t\t\t\t<\/div>\n\t\t\t\t<div class=\"elementor-element elementor-element-73af074 elementor-widget__width-initial elementor-widget elementor-widget-wp-widget-onegoal_core_contact_form_7\" data-id=\"73af074\" data-element_type=\"widget\" data-widget_type=\"wp-widget-onegoal_core_contact_form_7.default\">\n\t\t\t\t<div class=\"elementor-widget-container\">\n\t\t\t\t\t\t\t\t<div class=\"qodef-contact-form-7\">\n\t\t\t\t\n<div class=\"wpcf7 no-js\" id=\"wpcf7-f9886-o1\" lang=\"en-US\" dir=\"ltr\" data-wpcf7-id=\"9886\">\n<div class=\"screen-reader-response\"><p role=\"status\" aria-live=\"polite\" aria-atomic=\"true\"><\/p> <ul><\/ul><\/div>\n<form action=\"\/tr\/wp-json\/wp\/v2\/pages\/9808#wpcf7-f9886-o1\" method=\"post\" class=\"wpcf7-form init\" aria-label=\"Contact form\" novalidate=\"novalidate\" data-status=\"init\">\n<div style=\"display: none;\">\n<input type=\"hidden\" name=\"_wpcf7\" value=\"9886\" \/>\n<input type=\"hidden\" name=\"_wpcf7_version\" value=\"6.0.3\" \/>\n<input type=\"hidden\" name=\"_wpcf7_locale\" value=\"en_US\" \/>\n<input type=\"hidden\" name=\"_wpcf7_unit_tag\" value=\"wpcf7-f9886-o1\" \/>\n<input type=\"hidden\" name=\"_wpcf7_container_post\" value=\"0\" \/>\n<input type=\"hidden\" name=\"_wpcf7_posted_data_hash\" value=\"\" \/>\n<\/div>\n<span class=\"wpcf7-form-control-wrap\" data-name=\"text-773\"><input size=\"40\" maxlength=\"400\" class=\"wpcf7-form-control wpcf7-text wpcf7-validates-as-required\" aria-required=\"true\" aria-invalid=\"false\" placeholder=\"Ad\u0131n\u0131z Soyad\u0131n\u0131z\" value=\"\" type=\"text\" name=\"text-773\" \/><\/span>\n<span class=\"wpcf7-form-control-wrap\" data-name=\"email-78\"><input size=\"40\" maxlength=\"400\" class=\"wpcf7-form-control wpcf7-email wpcf7-validates-as-required wpcf7-text wpcf7-validates-as-email\" aria-required=\"true\" aria-invalid=\"false\" placeholder=\"E-Posta Adresiniz\" value=\"\" type=\"email\" name=\"email-78\" \/><\/span>\n<span class=\"wpcf7-form-control-wrap\" data-name=\"textarea-903\"><textarea cols=\"40\" rows=\"10\" maxlength=\"2000\" class=\"wpcf7-form-control wpcf7-textarea wpcf7-validates-as-required\" aria-required=\"true\" aria-invalid=\"false\" placeholder=\"Mesaj\u0131n\u0131z\" name=\"textarea-903\"><\/textarea><\/span>\n<button class=\"wpcf7-form-control wpcf7-submit qodef-button qodef-size--normal qodef-layout--outlined qodef-m\" type=\"submit\"><span class=\"qodef-m-text\">G\u00f6nder<\/span><span class=\"qodef-m-arrow\"><svg class=\"qodef-svg--arrow-top-right\" xmlns=\"http:\/\/www.w3.org\/2000\/svg\" width=\"10\" height=\"10\" viewBox=\"0 0 10.00 10.00\"><path d=\"M1.018 10.009 0 8.991l7.569-7.582H1.723L1.737 0h8.26v8.274H8.574l.013-5.847Z\"\/><path d=\"M1.018 10.009 0 8.991l7.569-7.582H1.723L1.737 0h8.26v8.274H8.574l.013-5.847Z\"\/><\/svg><\/span><\/button><div class=\"wpcf7-response-output\" aria-hidden=\"true\"><\/div>\n<\/form>\n<\/div>\n\t\t\t<\/div>\n\t\t\t\t\t\t\t<\/div>\n\t\t\t\t<\/div>\n\t\t\t\t\t<\/div>\n\t\t<\/div>\n\t\t\t\t\t<\/div>\n\t\t<\/section>\n\t\t\t\t<\/div>\n\t\t","protected":false},"excerpt":{"rendered":"<p>The PRIMER Dan\u0131\u015fmanlar\u0131m\u0131z ekip \u0130\u015fin mutfa\u011f\u0131ndaki &#8220;The Primers&#8221; Hikayelerle tan\u0131\u015f\u0131n. \u0130\u015finin en iyisi olarak, yetenek ve deneyimlerimizi bir araya getiriyor, projelerinizi u\u00e7tan uca planlayarak stratejik ve etkili bir \u015fekilde y\u00f6netiyoruz. Her ad\u0131mda kontroll\u00fc, her detayda \u00f6zenli bir yakla\u015f\u0131mla projelerinizi ba\u015far\u0131ya ta\u015f\u0131yoruz. Ha\u015fim Haluk B\u00f6l\u00fck CEO, Founder Mine B\u00f6l\u00fck Event Planning &#038; Event Management Emre \u00d6zel [&hellip;]<\/p>\n","protected":false},"author":1,"featured_media":0,"parent":0,"menu_order":0,"comment_status":"closed","ping_status":"closed","template":"page-full-width.php","meta":{"footnotes":""},"class_list":["post-9808","page","type-page","status-publish","hentry"],"aioseo_notices":[],"_links":{"self":[{"href":"https:\/\/primeajans.com\/tr\/wp-json\/wp\/v2\/pages\/9808","targetHints":{"allow":["GET"]}}],"collection":[{"href":"https:\/\/primeajans.com\/tr\/wp-json\/wp\/v2\/pages"}],"about":[{"href":"https:\/\/primeajans.com\/tr\/wp-json\/wp\/v2\/types\/page"}],"author":[{"embeddable":true,"href":"https:\/\/primeajans.com\/tr\/wp-json\/wp\/v2\/users\/1"}],"replies":[{"embeddable":true,"href":"https:\/\/primeajans.com\/tr\/wp-json\/wp\/v2\/comments?post=9808"}],"version-history":[{"count":10,"href":"https:\/\/primeajans.com\/tr\/wp-json\/wp\/v2\/pages\/9808\/revisions"}],"predecessor-version":[{"id":9890,"href":"https:\/\/primeajans.com\/tr\/wp-json\/wp\/v2\/pages\/9808\/revisions\/9890"}],"wp:attachment":[{"href":"https:\/\/primeajans.com\/tr\/wp-json\/wp\/v2\/media?parent=9808"}],"curies":[{"name":"wp","href":"https:\/\/api.w.org\/{rel}","templated":true}]}}